{"id":14356,"date":"2024-07-22T23:58:35","date_gmt":"2024-07-22T16:58:35","guid":{"rendered":"https:\/\/nc.uit.edu.vn\/?page_id=14356"},"modified":"2024-11-11T10:06:19","modified_gmt":"2024-11-11T03:06:19","slug":"bachelor-of-computer-networks-and-communications","status":"publish","type":"page","link":"https:\/\/nc.uit.edu.vn\/en\/bachelor-of-computer-networks-and-communications","title":{"rendered":"Bachelor of Computer Networks and Communications"},"content":{"rendered":"<div id=\"tdi_1\" class=\"tdc-zone\"><div class=\"tdc_zone tdi_2  wpb_row td-pb-row\"  >\n<style scoped>\n\/* custom css - generated by TagDiv Composer *\/\n\n\/* custom css - generated by TagDiv Composer *\/\n.tdi_2{\r\n                    min-height: 0;\r\n                }\n<\/style><div id=\"tdi_3\" class=\"tdc-row stretch_row_content td-stretch-content\"><div class=\"vc_row tdi_4  wpb_row td-pb-row\" >\n<style scoped>\n\/* custom css - generated by TagDiv Composer *\/\n\n\/* custom css - generated by TagDiv Composer *\/\n.tdi_4,\r\n                .tdi_4 .tdc-columns{\r\n                    min-height: 0;\r\n                }.tdi_4,\r\n\t\t\t\t.tdi_4 .tdc-columns{\r\n\t\t\t\t    display: block;\r\n\t\t\t\t}.tdi_4 .tdc-columns{\r\n\t\t\t\t    width: 100%;\r\n\t\t\t\t}.tdi_4:before,\r\n\t\t\t\t.tdi_4:after{\r\n\t\t\t\t    display: table;\r\n\t\t\t\t}\n<\/style><div class=\"vc_column tdi_6  wpb_column vc_column_container tdc-column td-pb-span12\">\n<style scoped>\n\/* custom css - generated by TagDiv Composer *\/\n\n\/* custom css - generated by TagDiv Composer *\/\n.tdi_6{\r\n                    vertical-align: baseline;\r\n                }.tdi_6 > .wpb_wrapper,\r\n\t\t\t\t.tdi_6 > .wpb_wrapper > .tdc-elements{\r\n\t\t\t\t    display: block;\r\n\t\t\t\t}.tdi_6 > .wpb_wrapper > .tdc-elements{\r\n\t\t\t\t    width: 100%;\r\n\t\t\t\t}.tdi_6 > .wpb_wrapper > .vc_row_inner{\r\n\t\t\t\t    width: auto;\r\n\t\t\t\t}.tdi_6 > .wpb_wrapper{\r\n\t\t\t\t    width: auto;\r\n\t\t\t\t    height: auto;\r\n\t\t\t\t}\n<\/style><div class=\"wpb_wrapper\" ><div class=\"tdm_block td_block_wrap tdm_block_hero tdi_7 tdm-content-horiz-center tdm-content-vert-center td-pb-border-top td_block_template_1 tdm_white_text  tdm-mobile-full td-fix-index\"  data-td-block-uid=\"tdi_7\" >\n<style>\n\/* custom css - generated by TagDiv Composer *\/\n.tdm_block_hero{\r\n                  -webkit-transform: translateZ(0);\r\n                  transform: translateZ(0);\r\n                }.tdm_block_hero:after{\r\n                  content: '';\r\n                  position: absolute;\r\n                  top: 0;\r\n                  left: 0;\r\n                  width: 100%;\r\n                  height: 100%;\r\n                  z-index: -1;\r\n                }.tdm_block_hero .td-block-row{\r\n                  position: relative;\r\n                  height: 600px;\r\n                }.tdm_block_hero.tdm-full-height .td-block-row{\r\n                  height: 100vh !important;\r\n                }.tdm_block_hero .tdm-text-wrap{\r\n                  margin: 40px 0;\r\n                }.tdm_block_hero .tdm-descr{\r\n                  margin-bottom: 0;\r\n                }.tdm_block_hero .tdm-buttons-wrap{\r\n                  margin: 31px -10px 0;\r\n                }.tdm_block_hero .tds-button{\r\n                  display: inline-block;\r\n                  margin-bottom: 10px;\r\n                }.tdm_block_hero .td-block-span12{\r\n                  position: absolute;\r\n                  top: 0;\r\n                  left: 0;\r\n                  width: 100%;\r\n                }.tdm_block_hero .tdm-title{\r\n                  margin-top: 0;\r\n                }.tdm_block_hero.tdm-content-vert-center .td-block-span12{\r\n                  top: 50%;\r\n                  -webkit-transform: translateY(-50%);\r\n                  transform: translateY(-50%);\r\n                }.tdm_block_hero.tdm-content-vert-bottom .td-block-span12{\r\n                  top: auto;\r\n                  bottom: 0;\r\n                }.tdm_block_hero .tdm-btn{\r\n                  margin-left: 10px;\r\n                  margin-right: 10px;\r\n                }.tdm_block_hero .tdm-btn:not(.tds-button2){\r\n                  -webkit-transform: none;\r\n                  transform: none;\r\n                }.tdi_7 .td-block-width{\r\n                    max-width: 1200px;\r\n                }.tdi_7 .td-block-row{\r\n                    height: 600px;\r\n                }body .tdi_7:after{\r\n\t\t\t\t\tbackground: -webkit-linear-gradient(0deg,rgba(0,0,0,0.85),rgba(22,112,191,0.85));background: linear-gradient(0deg,rgba(0,0,0,0.85),rgba(22,112,191,0.85));\r\n\t\t\t\t}.tdi_7:before{\r\n\t\t\t\t\tcontent: '';\r\n                    position: absolute;\r\n                    top: 0;\r\n                    left: 0;\r\n                    width: 100%;\r\n                    height: 100%;\r\n\t\t\t\t\tbackground-image: url(https:\/\/nc.uit.edu.vn\/wp-content\/uploads\/2024\/07\/nc.jpg);\r\n                    background-repeat: no-repeat;\r\n                    background-size: cover;\r\n                    background-position: center center;\r\n                    z-index: -1;\r\n\t\t\t\t\r\n\t\t\t\t\tbackground-position: top;\r\n\t\t\t\t}@media (max-width: 767px) {\r\n                  .tdm_block_hero .td-block-row .tdm-col {\r\n                    float: none;\r\n                  }\r\n                }\n<\/style><div class=\"td-block-width\"><div class=\"td-block-row\"><div class=\"td-block-span12 tdm-col\"><div class=\"tdm-text-wrap tdm-text-padding\"><div class=\"tds-title tds-title1 td-fix-index tdi_8 \"><h3 class=\"tdm-title tdm-title-bg\">Bachelor of Computer Networks and Communications<\/h3><\/div><p class=\"tdm-descr\">Training System: Formal<br\/>\nType of training: Full time<br\/>\nLevel: Undergraduate<br\/>\nTraining Duration: 04 years<br\/>\nRequired credits: 130 <br\/>\nQualification: Bachelor of Science in Computer networks and Communications<br\/>\nManaged by Faculty of Computer Networks and Communications<br\/><br\/><\/p><\/div><\/div><\/div><\/div><\/div><\/div><\/div><\/div><\/div><div id=\"tdi_9\" class=\"tdc-row\"><div class=\"vc_row tdi_10  wpb_row td-pb-row\" >\n<style scoped>\n\/* custom css - generated by TagDiv Composer *\/\n\n\/* custom css - generated by TagDiv Composer *\/\n.tdi_10,\r\n                .tdi_10 .tdc-columns{\r\n                    min-height: 0;\r\n                }.tdi_10,\r\n\t\t\t\t.tdi_10 .tdc-columns{\r\n\t\t\t\t    display: block;\r\n\t\t\t\t}.tdi_10 .tdc-columns{\r\n\t\t\t\t    width: 100%;\r\n\t\t\t\t}.tdi_10:before,\r\n\t\t\t\t.tdi_10:after{\r\n\t\t\t\t    display: table;\r\n\t\t\t\t}\n<\/style><div class=\"vc_column tdi_12  wpb_column vc_column_container tdc-column td-pb-span12\">\n<style scoped>\n\/* custom css - generated by TagDiv Composer *\/\n\n\/* custom css - generated by TagDiv Composer *\/\n.tdi_12{\r\n                    vertical-align: baseline;\r\n                }.tdi_12 > .wpb_wrapper,\r\n\t\t\t\t.tdi_12 > .wpb_wrapper > .tdc-elements{\r\n\t\t\t\t    display: block;\r\n\t\t\t\t}.tdi_12 > .wpb_wrapper > .tdc-elements{\r\n\t\t\t\t    width: 100%;\r\n\t\t\t\t}.tdi_12 > .wpb_wrapper > .vc_row_inner{\r\n\t\t\t\t    width: auto;\r\n\t\t\t\t}.tdi_12 > .wpb_wrapper{\r\n\t\t\t\t    width: auto;\r\n\t\t\t\t    height: auto;\r\n\t\t\t\t}\n<\/style><div class=\"wpb_wrapper\" ><div class=\"wpb_wrapper wpb_text_column td_block_wrap td_block_wrap vc_column_text tdi_13  tagdiv-type td-pb-border-top td_block_template_1 tdc-no-posts\"  data-td-block-uid=\"tdi_13\" >\n<style>\n\/* custom css - generated by TagDiv Composer *\/\n.vc_column_text > .td-element-style{\r\n\t\t\t\t\tz-index: -1;\r\n\t\t\t\t}\n<\/style><div class=\"td-fix-index\"><p>Ch\u01b0\u01a1ng tr\u00ecnh \u0111\u00e0o t\u1ea1o c\u1eed nh\u00e2n ch\u00ednh quy <a href=\"https:\/\/nc.uit.edu.vn\/mang-may-tinh-va-truyen-thong-du-lieu\">ng\u00e0nh M\u1ea1ng m\u00e1y t\u00ednh v\u00e0 Truy\u1ec1n th\u00f4ng d\u1eef li\u1ec7u<\/a> \u0111\u01b0\u1ee3c x\u00e2y d\u1ef1ng nh\u1eb1m m\u1ee5c ti\u00eau cung c\u1ea5p cho sinh vi\u00ean nh\u1eefng ki\u1ebfn th\u1ee9c c\u01a1 b\u1ea3n trong l\u0129nh v\u1ef1c M\u1ea1ng m\u00e1y t\u00ednh v\u00e0 Truy\u1ec1n th\u00f4ng \u0111\u1ee7 r\u1ed9ng v\u1ec1 ng\u00e0nh ngh\u1ec1, c\u00f3 kh\u1ea3 n\u0103ng nghi\u00ean c\u1ee9u chuy\u00ean s\u00e2u. Sinh vi\u00ean c\u00f2n c\u00f3 n\u0103ng l\u1ef1c t\u1ef1 h\u1ecdc \u0111\u1ec3 ti\u1ebfp thu c\u00e1c th\u00e0nh t\u1ef1u khoa h\u1ecdc k\u1ef9 thu\u1eadt, ti\u1ebfp t\u1ee5c n\u00e2ng cao v\u00e0 m\u1edf r\u1ed9ng ki\u1ebfn th\u1ee9c nh\u1eb1m th\u00edch \u1ee9ng v\u1edbi nhu c\u1ea7u ph\u00e1t tri\u1ec3n kinh t\u1ebf &#8211; x\u00e3 h\u1ed9i.<\/p>\n<\/div><\/div><\/div><\/div><\/div><\/div><div id=\"tdi_14\" class=\"tdc-row\"><div class=\"vc_row tdi_15  wpb_row td-pb-row\" >\n<style scoped>\n\/* custom css - generated by TagDiv Composer *\/\n\n\/* custom css - generated by TagDiv Composer *\/\n.tdi_15,\r\n                .tdi_15 .tdc-columns{\r\n                    min-height: 0;\r\n                }.tdi_15,\r\n\t\t\t\t.tdi_15 .tdc-columns{\r\n\t\t\t\t    display: block;\r\n\t\t\t\t}.tdi_15 .tdc-columns{\r\n\t\t\t\t    width: 100%;\r\n\t\t\t\t}.tdi_15:before,\r\n\t\t\t\t.tdi_15:after{\r\n\t\t\t\t    display: table;\r\n\t\t\t\t}\n\/* inline tdc_css att - generated by TagDiv Composer *\/\n\n.tdi_15{\njustify-content:center !important;\ntext-align:center !important;\n}\n\n.tdi_15 .td_block_wrap{ text-align:left }\n\n<\/style><div class=\"vc_column tdi_17  wpb_column vc_column_container tdc-column td-pb-span12\">\n<style scoped>\n\/* custom css - generated by TagDiv Composer *\/\n\n\/* custom css - generated by TagDiv Composer *\/\n.tdi_17{\r\n                    vertical-align: baseline;\r\n                }.tdi_17 > .wpb_wrapper,\r\n\t\t\t\t.tdi_17 > .wpb_wrapper > .tdc-elements{\r\n\t\t\t\t    display: block;\r\n\t\t\t\t}.tdi_17 > .wpb_wrapper > .tdc-elements{\r\n\t\t\t\t    width: 100%;\r\n\t\t\t\t}.tdi_17 > .wpb_wrapper > .vc_row_inner{\r\n\t\t\t\t    width: auto;\r\n\t\t\t\t}.tdi_17 > .wpb_wrapper{\r\n\t\t\t\t    width: auto;\r\n\t\t\t\t    height: auto;\r\n\t\t\t\t}\n<\/style><div class=\"wpb_wrapper\" ><div class=\"tdm_block td_block_wrap tdm_block_button tdi_18 tdm-block-button-inline tdm-content-horiz-left td-pb-border-top td_block_template_1\"  data-td-block-uid=\"tdi_18\"     >\n<style>\n\n\/* inline tdc_css att - generated by TagDiv Composer *\/\n\n.tdi_18{\nmargin-right:10px !important;\nmargin-left:10px !important;\n}\n\n<\/style>\n<style>\n\/* custom css - generated by TagDiv Composer *\/\n.tdm_block.tdm_block_button{\r\n                  margin-bottom: 0;\r\n                }.tdm_block.tdm_block_button .tds-button{\r\n                  line-height: 0;\r\n                }.tdm_block.tdm_block_button.tdm-block-button-inline{\r\n                  display: inline-block;\r\n                }.tdm_block.tdm_block_button.tdm-block-button-full,\r\n                .tdm_block.tdm_block_button.tdm-block-button-full .tdm-btn{\r\n                  display: block;\r\n                }\n<\/style><div class=\"tds-button td-fix-index\"><a href=\"https:\/\/daa.uit.edu.vn\/content\/cu-nhan-nganh-mang-may-tinh-va-truyen-thong-du-lieu-ap-dung-tu-khoa-18-2023\" title=\"Program Structure 2024\" class=\"tds-button1 tdm-btn tdm-btn-lg tdi_19 \" rel=\"nofollow noopener\" target=\"_blank\"><span class=\"tdm-btn-text\">Program Structure 2024<\/span><\/a><\/div><\/div><div class=\"tdm_block td_block_wrap tdm_block_button tdi_20 tdm-block-button-inline tdm-content-horiz-left td-pb-border-top td_block_template_1\"  data-td-block-uid=\"tdi_20\"     >\n<style>\n\n\/* inline tdc_css att - generated by TagDiv Composer *\/\n\n.tdi_20{\nmargin-right:10px !important;\nmargin-left:10px !important;\n}\n\n<\/style><div class=\"tds-button td-fix-index\"><a href=\"https:\/\/daa.uit.edu.vn\/content\/cu-nhan-nganh-mang-may-tinh-va-truyen-thong-du-lieu-ap-dung-tu-khoa-18-2023\" title=\"Program Structure 2023\" class=\"tds-button1 tdm-btn tdm-btn-lg tdi_21 \" rel=\"nofollow noopener\" target=\"_blank\"><span class=\"tdm-btn-text\">Program Structure 2023<\/span><\/a><\/div><\/div><div class=\"tdm_block td_block_wrap tdm_block_button tdi_22 tdm-block-button-inline tdm-content-horiz-left td-pb-border-top td_block_template_1\"  data-td-block-uid=\"tdi_22\"     >\n<style>\n\n\/* inline tdc_css att - generated by TagDiv Composer *\/\n\n.tdi_22{\nmargin-right:10px !important;\nmargin-left:10px !important;\n}\n\n<\/style><div class=\"tds-button td-fix-index\"><a href=\"https:\/\/daa.uit.edu.vn\/content\/cu-nhan-nganh-mang-may-tinh-va-truyen-thong-du-lieu-ap-dung-tu-khoa-17-2022\" title=\"Program Structure 2022\" class=\"tds-button1 tdm-btn tdm-btn-lg tdi_23 \" rel=\"nofollow noopener\" target=\"_blank\"><span class=\"tdm-btn-text\">Program Structure 2022<\/span><\/a><\/div><\/div><div class=\"tdm_block td_block_wrap tdm_block_button tdi_24 tdm-block-button-inline tdm-content-horiz-left td-pb-border-top td_block_template_1\"  data-td-block-uid=\"tdi_24\"     >\n<style>\n\n\/* inline tdc_css att - generated by TagDiv Composer *\/\n\n.tdi_24{\nmargin-right:10px !important;\nmargin-left:10px !important;\n}\n\n<\/style><div class=\"tds-button td-fix-index\"><a href=\"https:\/\/daa.uit.edu.vn\/content\/cu-nhan-nganh-mang-may-tinh-va-truyen-thong-du-lieu-ap-dung-tu-khoa-15-2020\" title=\"Program Structure 2021\" class=\"tds-button1 tdm-btn tdm-btn-lg tdi_25 \" rel=\"nofollow noopener\" target=\"_blank\"><span class=\"tdm-btn-text\">Program Structure 2021<\/span><\/a><\/div><\/div><\/div><\/div><\/div><\/div><div id=\"tdi_26\" class=\"tdc-row\"><div class=\"vc_row tdi_27  wpb_row td-pb-row\" >\n<style scoped>\n\/* custom css - generated by TagDiv Composer *\/\n\n\/* custom css - generated by TagDiv Composer *\/\n.tdi_27,\r\n                .tdi_27 .tdc-columns{\r\n                    min-height: 0;\r\n                }.tdi_27,\r\n\t\t\t\t.tdi_27 .tdc-columns{\r\n\t\t\t\t    display: block;\r\n\t\t\t\t}.tdi_27 .tdc-columns{\r\n\t\t\t\t    width: 100%;\r\n\t\t\t\t}.tdi_27:before,\r\n\t\t\t\t.tdi_27:after{\r\n\t\t\t\t    display: table;\r\n\t\t\t\t}\n<\/style><div class=\"vc_column tdi_29  wpb_column vc_column_container tdc-column td-pb-span12\">\n<style scoped>\n\/* custom css - generated by TagDiv Composer *\/\n\n\/* custom css - generated by TagDiv Composer *\/\n.tdi_29{\r\n                    vertical-align: baseline;\r\n                }.tdi_29 > .wpb_wrapper,\r\n\t\t\t\t.tdi_29 > .wpb_wrapper > .tdc-elements{\r\n\t\t\t\t    display: block;\r\n\t\t\t\t}.tdi_29 > .wpb_wrapper > .tdc-elements{\r\n\t\t\t\t    width: 100%;\r\n\t\t\t\t}.tdi_29 > .wpb_wrapper > .vc_row_inner{\r\n\t\t\t\t    width: auto;\r\n\t\t\t\t}.tdi_29 > .wpb_wrapper{\r\n\t\t\t\t    width: auto;\r\n\t\t\t\t    height: auto;\r\n\t\t\t\t}\n<\/style><div class=\"wpb_wrapper\" ><div class=\"wpb_wrapper td_block_empty_space td_block_wrap vc_empty_space tdi_31 \"  style=\"height: 32px\"><\/div><div class=\"tdm_block td_block_wrap tdm_block_text_image tdi_32 tdm-layout-12-12 tdm-content-horiz-left tdm-content-vert-center td-pb-border-top td_block_template_1\"  data-td-block-uid=\"tdi_32\" >\n<style>\n\/* custom css - generated by TagDiv Composer *\/\n.tdm_block_text_image .tdm-text-wrap{\r\n                  padding-top: 20px;\r\n                  padding-bottom: 20px;\r\n                }.tdm_block_text_image .tdm-descr{\r\n                  margin-bottom: 0;\r\n                }.tdm_block_text_image .tds-button{\r\n                  margin-top: 30px;\r\n                }@media (min-width: 767px) {\r\n                  .tdm_block_text_image.tdm-text-image-extend-img {\r\n                    margin-right: calc((-100vw + 100%) \/ 2);\r\n                  }\r\n                  .tdm_block_text_image.tdm-text-image-extend-img.tdm-flip-yes {\r\n                    margin-right: 0;\r\n                    margin-left: calc((-100vw + 100%) \/ 2);\r\n                  }\r\n                  .tdm_block_text_image.tdm-text-image-extend-img.tdm-flip-yes .tdm-col-img {\r\n                    text-align: right;\r\n                  }\r\n                }@media (max-width: 767px) {\r\n                  .tdm_block_text_image .tdm-col-img {\r\n                    margin-top: 36px;\r\n                  }\r\n                  .tdm_block_text_image.tdm-flip-yes .tdm-col-img {\r\n                    margin-top: 0;\r\n                    margin-bottom: 15px;\r\n                  }\r\n                }\n<\/style><div class=\"td-block-width tdm-fix-full\"><div class=\"td-block-row tdm-row\"><div class=\"td-block-span6 tdm-col\"><div class=\"tdm-text-wrap tdm-text-padding\"><div class=\"tds-title tds-title1 td-fix-index tdi_33 \"><h3 class=\"tdm-title tdm-title-md\">\u0110\u1ea1t chu\u1ea9n ki\u1ec3m \u0111\u1ecbnh qu\u1ed1c t\u1ebf AUN-QA<\/h3><\/div><p class=\"tdm-descr td-fix-index\">Th\u1eddi gian: 2018 <br\/>\nTi\u00eau chu\u1ea9n: ASEAN University Network - Quality Assurance <br\/>\nB\u1edfi: ASEAN University Network <br\/>\n<small>AUN-QA (ASEAN University Network - Quality Assurance) is a set of standards with strict quality rules, with specific and clear criteria, focusing on comprehensively evaluating the  program through different aspects such as expected learning outcomes, curriculum framework, faculty, facilities, networks among students, university and partner associations to ensure the quality of the entire curriculum.<\/small><\/p><\/div><\/div><div class=\"td-block-span6 tdm-col tdm-col-img\"><img decoding=\"async\" class=\"tdm-image td-fix-index\" src=\"https:\/\/nc.uit.edu.vn\/wp-content\/uploads\/2024\/07\/aun-qa.png\" title=\"aun-qa\" width=\"1140\" height=\"540\" alt=\"\"><\/div><\/div><\/div><\/div><div class=\"wpb_wrapper wpb_text_column td_block_wrap td_block_wrap vc_column_text tdi_34  tagdiv-type td-pb-border-top td_block_template_1 tdc-no-posts\"  data-td-block-uid=\"tdi_34\" ><div class=\"td-fix-index\"><p class=\"rtejustify\">The Information Technology workforce training field in Vietnam is urgently needed transformation to enhance training quality. The rapid development of network technology, the Internet, and applications across all sectors of life has led to a sharp increase in demand for professionals specializing in Computer Networks and Communications. Higher education today aims to equip graduates with the skills required by modern technologies and a foundational knowledge base supporting lifelong learning and sustainable career growth.<\/p>\n<h2>Programme Objectives<\/h2>\n<p class=\"rtejustify\">The undergraduate program aims to train high-quality IT resources at regional and international levels, meeting the needs of the industry throughout the country.<\/p>\n<ul>\n<li>Students have the basic and in-depth knowledge of computer network and communications field.<\/li>\n<li>Students can operate the information systems and network infrastructure.<\/li>\n<li>Students can do research and apply knowledge to design, install, evaluate, and operate information systems.<\/li>\n<li>Students have teamwork abilities, good political qualities, a sense of organization, discipline, and ethics&#8230;<\/li>\n<\/ul>\n<h2>Career Opportunities<\/h2>\n<ul>\n<li>Start a business and master technology in the fields of IoTs and Mobile applications.<\/li>\n<li>Expert in developing infrastructure, protocols, and network services (network developers)<\/li>\n<li>Expert in analysis, design, installation, administration, maintenance and security of computer network and communication systems in agencies, companies, schools&#8230;<\/li>\n<li>Information technology research and application staff at institutes, research centers, universities, and colleges.<\/li>\n<li>Information Technology lecturer at universities, colleges, high schools, professional and vocational schools.<\/li>\n<\/ul>\n<h2><strong>Perspectives on Building Training Programs:<\/strong><\/h2>\n<p>The program is built based on the vision, mission, and educational philosophy of the University of Information Technology, in accordance with the needs of society and with reference to advanced programs in and around the world. Specifically, the Bachelor of Computer Networks and Communications program is built on the following key perspectives:<\/p>\n<ul>\n<li>The program is interdisciplinary and highly applicable, suitable for the human resource needs of today&#8217;s society in IT fields.<\/li>\n<li>The content of the program is close to the programs in Computer Networks and Communications of other universities in other countries to serve as a premise for future international cooperation and advanced training projects.<\/li>\n<\/ul>\n<\/div><\/div><\/div><\/div><\/div><\/div><\/div><\/div>","protected":false},"excerpt":{"rendered":"","protected":false},"author":13,"featured_media":14219,"parent":0,"menu_order":0,"comment_status":"closed","ping_status":"closed","template":"","meta":{"_acf_changed":false,"footnotes":""},"class_list":["post-14356","page","type-page","status-publish","has-post-thumbnail"],"acf":[],"_links":{"self":[{"href":"https:\/\/nc.uit.edu.vn\/en\/wp-json\/wp\/v2\/pages\/14356","targetHints":{"allow":["GET"]}}],"collection":[{"href":"https:\/\/nc.uit.edu.vn\/en\/wp-json\/wp\/v2\/pages"}],"about":[{"href":"https:\/\/nc.uit.edu.vn\/en\/wp-json\/wp\/v2\/types\/page"}],"author":[{"embeddable":true,"href":"https:\/\/nc.uit.edu.vn\/en\/wp-json\/wp\/v2\/users\/13"}],"replies":[{"embeddable":true,"href":"https:\/\/nc.uit.edu.vn\/en\/wp-json\/wp\/v2\/comments?post=14356"}],"version-history":[{"count":4,"href":"https:\/\/nc.uit.edu.vn\/en\/wp-json\/wp\/v2\/pages\/14356\/revisions"}],"predecessor-version":[{"id":14963,"href":"https:\/\/nc.uit.edu.vn\/en\/wp-json\/wp\/v2\/pages\/14356\/revisions\/14963"}],"wp:featuredmedia":[{"embeddable":true,"href":"https:\/\/nc.uit.edu.vn\/en\/wp-json\/wp\/v2\/media\/14219"}],"wp:attachment":[{"href":"https:\/\/nc.uit.edu.vn\/en\/wp-json\/wp\/v2\/media?parent=14356"}],"curies":[{"name":"wp","href":"https:\/\/api.w.org\/{rel}","templated":true}]}}